{"id":715,"date":"2025-12-08T18:39:21","date_gmt":"2025-12-08T17:39:21","guid":{"rendered":"https:\/\/mojekroje.cyfronik.net\/?page_id=715"},"modified":"2026-04-08T13:42:51","modified_gmt":"2026-04-08T11:42:51","slug":"about-us","status":"publish","type":"page","link":"https:\/\/mojekroje.cyfronik.net\/?page_id=715","title":{"rendered":"About Us"},"content":{"rendered":"\t\t<div data-elementor-type=\"wp-page\" data-elementor-id=\"715\" class=\"elementor elementor-715\">\n\t\t\t\t<div class=\"elementor-element elementor-element-19ef1803 e-con-full e-flex e-con e-parent\" data-id=\"19ef1803\" data-element_type=\"container\" data-e-type=\"container\">\n\t\t<div class=\"elementor-element elementor-element-1324e3b6 e-con-full e-flex e-con e-child\" data-id=\"1324e3b6\" data-element_type=\"container\" data-e-type=\"container\">\n\t\t<div class=\"elementor-element elementor-element-1cadb05f e-con-full e-flex e-con e-child\" data-id=\"1cadb05f\" data-element_type=\"container\" data-e-type=\"container\">\n\t\t\t\t<div class=\"elementor-element elementor-element-cf8e176 elementor-widget__width-initial elementor-widget elementor-widget-heading\" data-id=\"cf8e176\" data-element_type=\"widget\" data-e-type=\"widget\" data-widget_type=\"heading.default\">\n\t\t\t\t\t<h2 class=\"elementor-heading-title elementor-size-default\">Cze\u015b\u0107 jestem Ania  - Projektantka Wykroj\u00f3w<\/h2>\t\t\t\t<\/div>\n\t\t\t\t<div class=\"elementor-element elementor-element-1a58cb49 elementor-widget__width-initial elementor-invisible elementor-widget elementor-widget-text-editor\" data-id=\"1a58cb49\" data-element_type=\"widget\" data-e-type=\"widget\" data-settings=\"{&quot;_animation&quot;:&quot;fadeInDown&quot;}\" data-widget_type=\"text-editor.default\">\n\t\t\t\t\t\t\t\t\t<p>Od 5 lat Tworz\u0119 wykroje z my\u015bl\u0105 o realnym szyciu \u2014 takim, kt\u00f3re daje rado\u015b\u0107, satysfakcj\u0119 i poczucie, \u017ce ubranie naprawd\u0119 dobrze le\u017cy. \u0141\u0105cz\u0119 precyzj\u0119 konstrukcji z kobiec\u0105 wra\u017cliwo\u015bci\u0105 na form\u0119, detal i wygod\u0119. Chc\u0119, aby moje wykroje pomaga\u0142y Ci tworzy\u0107 rzeczy pi\u0119kne, przemy\u015blane i bliskie sercu.<\/p>\t\t\t\t\t\t\t\t<\/div>\n\t\t\t\t<\/div>\n\t\t\t\t<div class=\"elementor-element elementor-element-1ceac7c0 elementor-invisible elementor-widget elementor-widget-heading\" data-id=\"1ceac7c0\" data-element_type=\"widget\" data-e-type=\"widget\" data-settings=\"{&quot;_animation&quot;:&quot;fadeInUp&quot;}\" data-widget_type=\"heading.default\">\n\t\t\t\t\t<span class=\"elementor-heading-title elementor-size-default\">studio<\/span>\t\t\t\t<\/div>\n\t\t\t\t<\/div>\n\t\t<div class=\"elementor-element elementor-element-3d423c1b e-con-full e-flex e-con e-child\" data-id=\"3d423c1b\" data-element_type=\"container\" data-e-type=\"container\" data-settings=\"{&quot;background_background&quot;:&quot;classic&quot;}\">\n\t\t\t\t<\/div>\n\t\t\t\t<\/div>\n\t\t<div class=\"elementor-element elementor-element-6d796fa4 e-con-full e-flex e-con e-parent\" data-id=\"6d796fa4\" data-element_type=\"container\" data-e-type=\"container\">\n\t\t<div class=\"elementor-element elementor-element-120bfebc e-con-full e-flex e-con e-child\" data-id=\"120bfebc\" data-element_type=\"container\" data-e-type=\"container\" data-settings=\"{&quot;background_background&quot;:&quot;classic&quot;}\">\n\t\t\t\t<\/div>\n\t\t<div class=\"elementor-element elementor-element-358ca1a6 e-con-full e-flex e-con e-child\" data-id=\"358ca1a6\" data-element_type=\"container\" data-e-type=\"container\">\n\t\t\t\t<div class=\"elementor-element elementor-element-f555ea7 elementor-widget elementor-widget-heading\" data-id=\"f555ea7\" data-element_type=\"widget\" data-e-type=\"widget\" data-widget_type=\"heading.default\">\n\t\t\t\t\t<h2 class=\"elementor-heading-title elementor-size-default\">We Love to Craft <\/h2>\t\t\t\t<\/div>\n\t\t\t\t<div class=\"elementor-element elementor-element-65dd65ce elementor-invisible elementor-widget elementor-widget-text-editor\" data-id=\"65dd65ce\" data-element_type=\"widget\" data-e-type=\"widget\" data-settings=\"{&quot;_animation&quot;:&quot;slideInLeft&quot;}\" data-widget_type=\"text-editor.default\">\n\t\t\t\t\t\t\t\t\t<p data-start=\"160\" data-end=\"544\">Tworz\u0119 autorskie wykroje oparte na prostocie, logice i realnym procesie szycia. Ka\u017cdy projekt powstaje w mojej pracowni z my\u015bl\u0105 o tym, aby by\u0142 czytelny, przewidywalny i przyjazny \u2014 niezale\u017cnie od poziomu do\u015bwiadczenia osoby szyj\u0105cej. Skupiam si\u0119 na konstrukcji, kt\u00f3ra porz\u0105dkuje prac\u0119, oszcz\u0119dza czas i pozwala skupi\u0107 si\u0119 na tym, co w szyciu najwa\u017cniejsze: formie i jako\u015bci wykonania.<\/p><p data-start=\"546\" data-end=\"725\">Wierz\u0119, \u017ce dobra konstrukcja nie komplikuje, lecz prowadzi. Dlatego moje wykroje s\u0105 przemy\u015blane, testowane i zaprojektowane tak, aby szycie by\u0142o spokojnym, kontrolowanym procesem.<\/p><blockquote data-start=\"727\" data-end=\"798\"><p data-start=\"729\" data-end=\"798\"><em data-start=\"729\" data-end=\"780\">\u201eSimplicity is the keynote of all true elegance.\u201d<\/em><br data-start=\"780\" data-end=\"783\" \/>\u2014 Coco Chanel<\/p><\/blockquote>\t\t\t\t\t\t\t\t<\/div>\n\t\t\t\t<\/div>\n\t\t\t\t<\/div>\n\t\t<div class=\"elementor-element elementor-element-1f7a8d9f e-con-full e-flex e-con e-parent\" data-id=\"1f7a8d9f\" data-element_type=\"container\" data-e-type=\"container\">\n\t\t\t\t<div class=\"elementor-element elementor-element-197f8eca elementor-widget elementor-widget-heading\" data-id=\"197f8eca\" data-element_type=\"widget\" data-e-type=\"widget\" data-widget_type=\"heading.default\">\n\t\t\t\t\t<span class=\"elementor-heading-title elementor-size-default\">Moje \nprojekty<\/span>\t\t\t\t<\/div>\n\t\t<div class=\"elementor-element elementor-element-146f7095 e-con-full e-flex e-con e-child\" data-id=\"146f7095\" data-element_type=\"container\" data-e-type=\"container\">\n\t\t<div class=\"elementor-element elementor-element-187cd0e e-con-full e-flex e-con e-child\" data-id=\"187cd0e\" data-element_type=\"container\" data-e-type=\"container\">\n\t\t\t\t<div class=\"elementor-element elementor-element-71f1c63 elementor-widget-tablet__width-initial elementor-widget-mobile__width-inherit elementor-widget__width-initial elementor-position-top elementor-widget elementor-widget-image-box\" data-id=\"71f1c63\" data-element_type=\"widget\" data-e-type=\"widget\" data-widget_type=\"image-box.default\">\n\t\t\t\t\t<div class=\"elementor-image-box-wrapper\"><figure class=\"elementor-image-box-img\"><img fetchpriority=\"high\" decoding=\"async\" width=\"1024\" height=\"1536\" src=\"https:\/\/mojekroje.cyfronik.net\/wp-content\/uploads\/2026\/01\/ChatGPT-Image-15-sty-2026-20_38_52.png\" class=\"elementor-animation-sink attachment-full size-full wp-image-859\" alt=\"\" srcset=\"https:\/\/mojekroje.cyfronik.net\/wp-content\/uploads\/2026\/01\/ChatGPT-Image-15-sty-2026-20_38_52.png 1024w, https:\/\/mojekroje.cyfronik.net\/wp-content\/uploads\/2026\/01\/ChatGPT-Image-15-sty-2026-20_38_52-200x300.png 200w, https:\/\/mojekroje.cyfronik.net\/wp-content\/uploads\/2026\/01\/ChatGPT-Image-15-sty-2026-20_38_52-683x1024.png 683w, https:\/\/mojekroje.cyfronik.net\/wp-content\/uploads\/2026\/01\/ChatGPT-Image-15-sty-2026-20_38_52-768x1152.png 768w\" sizes=\"(max-width: 1024px) 100vw, 1024px\" \/><\/figure><div class=\"elementor-image-box-content\"><h3 class=\"elementor-image-box-title\">\u201eModa to architektura: to kwestia proporcji.\u201d \u2013 <em data-start=\"926\" data-end=\"939\">Coco Chanel<\/em><\/h3><p class=\"elementor-image-box-description\">Anna  - Projektantka Wykroj\u00f3w <\/p><\/div><\/div>\t\t\t\t<\/div>\n\t\t\t\t<\/div>\n\t\t<div class=\"elementor-element elementor-element-9441629 e-con-full e-flex e-con e-child\" data-id=\"9441629\" data-element_type=\"container\" data-e-type=\"container\">\n\t\t\t\t<div class=\"elementor-element elementor-element-92f75ff elementor-widget-tablet__width-initial elementor-widget-mobile__width-inherit elementor-widget__width-initial elementor-position-top elementor-widget elementor-widget-image-box\" data-id=\"92f75ff\" data-element_type=\"widget\" data-e-type=\"widget\" data-widget_type=\"image-box.default\">\n\t\t\t\t\t<div class=\"elementor-image-box-wrapper\"><figure class=\"elementor-image-box-img\"><img decoding=\"async\" width=\"1024\" height=\"1536\" src=\"https:\/\/mojekroje.cyfronik.net\/wp-content\/uploads\/2026\/01\/ChatGPT-Image-15-sty-2026-17_58_09.png\" class=\"elementor-animation-sink attachment-full size-full wp-image-852\" alt=\"\" srcset=\"https:\/\/mojekroje.cyfronik.net\/wp-content\/uploads\/2026\/01\/ChatGPT-Image-15-sty-2026-17_58_09.png 1024w, https:\/\/mojekroje.cyfronik.net\/wp-content\/uploads\/2026\/01\/ChatGPT-Image-15-sty-2026-17_58_09-200x300.png 200w, https:\/\/mojekroje.cyfronik.net\/wp-content\/uploads\/2026\/01\/ChatGPT-Image-15-sty-2026-17_58_09-683x1024.png 683w, https:\/\/mojekroje.cyfronik.net\/wp-content\/uploads\/2026\/01\/ChatGPT-Image-15-sty-2026-17_58_09-768x1152.png 768w\" sizes=\"(max-width: 1024px) 100vw, 1024px\" \/><\/figure><div class=\"elementor-image-box-content\"><h3 class=\"elementor-image-box-title\">Mini Spodniczka - \"Persefona\"<\/h3><p class=\"elementor-image-box-description\">DARMOWY WYKR\u00d3J  -                                                                                              Projekt  \" Moje Kroje \" - Anna<br><\/p><\/div><\/div>\t\t\t\t<\/div>\n\t\t\t\t<div class=\"elementor-element elementor-element-375efb3 elementor-widget__width-initial elementor-invisible elementor-widget elementor-widget-button\" data-id=\"375efb3\" data-element_type=\"widget\" data-e-type=\"widget\" data-settings=\"{&quot;_animation&quot;:&quot;fadeInDown&quot;}\" data-widget_type=\"button.default\">\n\t\t\t\t\t\t\t\t\t\t<a class=\"elementor-button elementor-size-sm\" role=\"button\">\n\t\t\t\t\t\t<span class=\"elementor-button-content-wrapper\">\n\t\t\t\t\t\t<span class=\"elementor-button-icon\">\n\t\t\t\t<svg aria-hidden=\"true\" class=\"e-font-icon-svg e-fas-download\" viewBox=\"0 0 512 512\" xmlns=\"http:\/\/www.w3.org\/2000\/svg\"><path d=\"M216 0h80c13.3 0 24 10.7 24 24v168h87.7c17.8 0 26.7 21.5 14.1 34.1L269.7 378.3c-7.5 7.5-19.8 7.5-27.3 0L90.1 226.1c-12.6-12.6-3.7-34.1 14.1-34.1H192V24c0-13.3 10.7-24 24-24zm296 376v112c0 13.3-10.7 24-24 24H24c-13.3 0-24-10.7-24-24V376c0-13.3 10.7-24 24-24h146.7l49 49c20.1 20.1 52.5 20.1 72.6 0l49-49H488c13.3 0 24 10.7 24 24zm-124 88c0-11-9-20-20-20s-20 9-20 20 9 20 20 20 20-9 20-20zm64 0c0-11-9-20-20-20s-20 9-20 20 9 20 20 20 20-9 20-20z\"><\/path><\/svg>\t\t\t<\/span>\n\t\t\t\t\t\t\t\t\t<span class=\"elementor-button-text\">Pobierz<\/span>\n\t\t\t\t\t<\/span>\n\t\t\t\t\t<\/a>\n\t\t\t\t\t\t\t\t<\/div>\n\t\t\t\t<\/div>\n\t\t<div class=\"elementor-element elementor-element-a312949 e-con-full e-flex e-con e-child\" data-id=\"a312949\" data-element_type=\"container\" data-e-type=\"container\">\n\t\t\t\t<div class=\"elementor-element elementor-element-dd9c667 elementor-widget-tablet__width-initial elementor-widget-mobile__width-inherit elementor-widget__width-initial elementor-position-top elementor-widget elementor-widget-image-box\" data-id=\"dd9c667\" data-element_type=\"widget\" data-e-type=\"widget\" data-widget_type=\"image-box.default\">\n\t\t\t\t\t<div class=\"elementor-image-box-wrapper\"><figure class=\"elementor-image-box-img\"><img decoding=\"async\" width=\"1024\" height=\"1536\" src=\"https:\/\/mojekroje.cyfronik.net\/wp-content\/uploads\/2026\/01\/ChatGPT-Image-15-sty-2026-17_57_51.png\" class=\"elementor-animation-sink attachment-full size-full wp-image-851\" alt=\"\" srcset=\"https:\/\/mojekroje.cyfronik.net\/wp-content\/uploads\/2026\/01\/ChatGPT-Image-15-sty-2026-17_57_51.png 1024w, https:\/\/mojekroje.cyfronik.net\/wp-content\/uploads\/2026\/01\/ChatGPT-Image-15-sty-2026-17_57_51-200x300.png 200w, https:\/\/mojekroje.cyfronik.net\/wp-content\/uploads\/2026\/01\/ChatGPT-Image-15-sty-2026-17_57_51-683x1024.png 683w, https:\/\/mojekroje.cyfronik.net\/wp-content\/uploads\/2026\/01\/ChatGPT-Image-15-sty-2026-17_57_51-768x1152.png 768w\" sizes=\"(max-width: 1024px) 100vw, 1024px\" \/><\/figure><div class=\"elementor-image-box-content\"><h3 class=\"elementor-image-box-title\">Spodnie Pallazo \"Atena \"<\/h3><p class=\"elementor-image-box-description\">DARMOWY WYKR\u00d3J  -                                                                                              Projekt  \" Moje Kroje \" - Anna<br><\/p><\/div><\/div>\t\t\t\t<\/div>\n\t\t\t\t<div class=\"elementor-element elementor-element-e3d69b4 elementor-invisible elementor-widget elementor-widget-button\" data-id=\"e3d69b4\" data-element_type=\"widget\" data-e-type=\"widget\" data-settings=\"{&quot;_animation&quot;:&quot;fadeInDown&quot;}\" data-widget_type=\"button.default\">\n\t\t\t\t\t\t\t\t\t\t<a class=\"elementor-button elementor-size-sm\" role=\"button\">\n\t\t\t\t\t\t<span class=\"elementor-button-content-wrapper\">\n\t\t\t\t\t\t<span class=\"elementor-button-icon\">\n\t\t\t\t<svg aria-hidden=\"true\" class=\"e-font-icon-svg e-fas-download\" viewBox=\"0 0 512 512\" xmlns=\"http:\/\/www.w3.org\/2000\/svg\"><path d=\"M216 0h80c13.3 0 24 10.7 24 24v168h87.7c17.8 0 26.7 21.5 14.1 34.1L269.7 378.3c-7.5 7.5-19.8 7.5-27.3 0L90.1 226.1c-12.6-12.6-3.7-34.1 14.1-34.1H192V24c0-13.3 10.7-24 24-24zm296 376v112c0 13.3-10.7 24-24 24H24c-13.3 0-24-10.7-24-24V376c0-13.3 10.7-24 24-24h146.7l49 49c20.1 20.1 52.5 20.1 72.6 0l49-49H488c13.3 0 24 10.7 24 24zm-124 88c0-11-9-20-20-20s-20 9-20 20 9 20 20 20 20-9 20-20zm64 0c0-11-9-20-20-20s-20 9-20 20 9 20 20 20 20-9 20-20z\"><\/path><\/svg>\t\t\t<\/span>\n\t\t\t\t\t\t\t\t\t<span class=\"elementor-button-text\">Pobierz<\/span>\n\t\t\t\t\t<\/span>\n\t\t\t\t\t<\/a>\n\t\t\t\t\t\t\t\t<\/div>\n\t\t\t\t<\/div>\n\t\t\t\t<\/div>\n\t\t\t\t<\/div>\n\t\t<div class=\"elementor-element elementor-element-46b5651b e-con-full e-flex e-con e-parent\" data-id=\"46b5651b\" data-element_type=\"container\" data-e-type=\"container\" data-settings=\"{&quot;background_background&quot;:&quot;classic&quot;}\">\n\t\t<div class=\"elementor-element elementor-element-60f665f1 e-con-full e-flex e-con e-child\" data-id=\"60f665f1\" data-element_type=\"container\" data-e-type=\"container\">\n\t\t<div class=\"elementor-element elementor-element-63d6407 e-con-full e-flex e-con e-child\" data-id=\"63d6407\" data-element_type=\"container\" data-e-type=\"container\">\n\t\t\t\t<div class=\"elementor-element elementor-element-8a850ab elementor-position-left elementor-vertical-align-middle elementor-position-left elementor-position-left elementor-vertical-align-middle elementor-widget__width-initial elementor-widget-tablet__width-initial elementor-widget-mobile__width-initial elementor-widget elementor-widget-image-box\" data-id=\"8a850ab\" data-element_type=\"widget\" data-e-type=\"widget\" data-widget_type=\"image-box.default\">\n\t\t\t\t\t<div class=\"elementor-image-box-wrapper\"><figure class=\"elementor-image-box-img\"><a href=\"https:\/\/www.instagram.com\/pattern_alchemy_by_anna\/\" tabindex=\"-1\"><img loading=\"lazy\" decoding=\"async\" width=\"150\" height=\"150\" src=\"https:\/\/mojekroje.cyfronik.net\/wp-content\/uploads\/2026\/01\/ChatGPT-Image-30-sty-2026-13_44_05-1-150x150.png\" class=\"attachment-thumbnail size-thumbnail wp-image-1190\" alt=\"\" \/><\/a><\/figure><div class=\"elementor-image-box-content\"><p class=\"elementor-image-box-title\"><a href=\"https:\/\/www.instagram.com\/pattern_alchemy_by_anna\/\">Na moim kanale YouTube pokazuj\u0119 szycie i wykroje krok po kroku, w prosty i spokojny spos\u00f3b. Ucz\u0119, jak pracowa\u0107 z wykrojami oraz jak korzysta\u0107 z darmowych, nowoczesnych program\u00f3w komputerowych, kt\u00f3re pomagaj\u0105 tworzy\u0107 formy \u0142atwo i bez stresu.  Je\u015bli chcesz zrozumie\u0107 proces i nabra\u0107 pewno\u015bci \u2014 jeste\u015b w dobrym miejscu.<\/a><\/p><\/div><\/div>\t\t\t\t<\/div>\n\t\t\t\t<div class=\"elementor-element elementor-element-d64d119 elementor-widget__width-initial elementor-widget-tablet__width-initial elementor-invisible elementor-widget elementor-widget-button\" data-id=\"d64d119\" data-element_type=\"widget\" data-e-type=\"widget\" data-settings=\"{&quot;_animation&quot;:&quot;fadeInDown&quot;}\" data-widget_type=\"button.default\">\n\t\t\t\t\t\t\t\t\t\t<a class=\"elementor-button elementor-button-link elementor-size-sm\" href=\"https:\/\/www.youtube.com\/@ania.mojekroje\" target=\"_blank\">\n\t\t\t\t\t\t<span class=\"elementor-button-content-wrapper\">\n\t\t\t\t\t\t<span class=\"elementor-button-icon\">\n\t\t\t\t<svg aria-hidden=\"true\" class=\"e-font-icon-svg e-fab-youtube\" viewBox=\"0 0 576 512\" xmlns=\"http:\/\/www.w3.org\/2000\/svg\"><path d=\"M549.655 124.083c-6.281-23.65-24.787-42.276-48.284-48.597C458.781 64 288 64 288 64S117.22 64 74.629 75.486c-23.497 6.322-42.003 24.947-48.284 48.597-11.412 42.867-11.412 132.305-11.412 132.305s0 89.438 11.412 132.305c6.281 23.65 24.787 41.5 48.284 47.821C117.22 448 288 448 288 448s170.78 0 213.371-11.486c23.497-6.321 42.003-24.171 48.284-47.821 11.412-42.867 11.412-132.305 11.412-132.305s0-89.438-11.412-132.305zm-317.51 213.508V175.185l142.739 81.205-142.739 81.201z\"><\/path><\/svg>\t\t\t<\/span>\n\t\t\t\t\t\t\t\t\t<span class=\"elementor-button-text\">Subscribe on YouTube<\/span>\n\t\t\t\t\t<\/span>\n\t\t\t\t\t<\/a>\n\t\t\t\t\t\t\t\t<\/div>\n\t\t\t\t<\/div>\n\t\t<div class=\"elementor-element elementor-element-d3145f2 e-con-full e-flex e-con e-child\" data-id=\"d3145f2\" data-element_type=\"container\" data-e-type=\"container\">\n\t\t\t\t<div class=\"elementor-element elementor-element-dedb0e7 elementor-widget__width-initial elementor-widget-mobile__width-initial elementor-invisible elementor-widget elementor-widget-button\" data-id=\"dedb0e7\" data-element_type=\"widget\" data-e-type=\"widget\" data-settings=\"{&quot;_animation&quot;:&quot;fadeInDown&quot;}\" data-widget_type=\"button.default\">\n\t\t\t\t\t\t\t\t\t\t<a class=\"elementor-button elementor-button-link elementor-size-sm\" href=\"https:\/\/www.instagram.com\/pattern_alchemy_by_anna\/\" target=\"_blank\">\n\t\t\t\t\t\t<span class=\"elementor-button-content-wrapper\">\n\t\t\t\t\t\t<span class=\"elementor-button-icon\">\n\t\t\t\t<svg aria-hidden=\"true\" class=\"e-font-icon-svg e-fas-download\" viewBox=\"0 0 512 512\" xmlns=\"http:\/\/www.w3.org\/2000\/svg\"><path d=\"M216 0h80c13.3 0 24 10.7 24 24v168h87.7c17.8 0 26.7 21.5 14.1 34.1L269.7 378.3c-7.5 7.5-19.8 7.5-27.3 0L90.1 226.1c-12.6-12.6-3.7-34.1 14.1-34.1H192V24c0-13.3 10.7-24 24-24zm296 376v112c0 13.3-10.7 24-24 24H24c-13.3 0-24-10.7-24-24V376c0-13.3 10.7-24 24-24h146.7l49 49c20.1 20.1 52.5 20.1 72.6 0l49-49H488c13.3 0 24 10.7 24 24zm-124 88c0-11-9-20-20-20s-20 9-20 20 9 20 20 20 20-9 20-20zm64 0c0-11-9-20-20-20s-20 9-20 20 9 20 20 20 20-9 20-20z\"><\/path><\/svg>\t\t\t<\/span>\n\t\t\t\t\t\t\t\t\t<span class=\"elementor-button-text\">Follow on Instagram<\/span>\n\t\t\t\t\t<\/span>\n\t\t\t\t\t<\/a>\n\t\t\t\t\t\t\t\t<\/div>\n\t\t\t\t<div class=\"elementor-element elementor-element-f4ccb69 elementor-position-left elementor-vertical-align-middle elementor-widget elementor-widget-image-box\" data-id=\"f4ccb69\" data-element_type=\"widget\" data-e-type=\"widget\" data-widget_type=\"image-box.default\">\n\t\t\t\t\t<div class=\"elementor-image-box-wrapper\"><figure class=\"elementor-image-box-img\"><img loading=\"lazy\" decoding=\"async\" width=\"150\" height=\"150\" src=\"https:\/\/mojekroje.cyfronik.net\/wp-content\/uploads\/2026\/01\/ChatGPT-Image-18-sty-2026-12_04_57-150x150.png\" class=\"attachment-thumbnail size-thumbnail wp-image-996\" alt=\"\" \/><\/figure><div class=\"elementor-image-box-content\"><p class=\"elementor-image-box-title\">Na Instagramie pokazuj\u0119 kulisy tworzenia wykroj\u00f3w, nowe projekty i proste wskaz\u00f3wki, kt\u00f3re pomagaj\u0105 szy\u0107 pewniej \u2014 nawet je\u015bli dopiero zaczynasz. To miejsce inspiracji, spokojnej pracy nad form\u0105 i ma\u0142ych krok\u00f3w, kt\u00f3re robi\u0105 du\u017c\u0105 r\u00f3\u017cnic\u0119.<\/p><\/div><\/div>\t\t\t\t<\/div>\n\t\t\t\t<\/div>\n\t\t\t\t<\/div>\n\t\t\t\t<div class=\"elementor-element elementor-element-2e2a5b04 elementor-invisible elementor-widget elementor-widget-heading\" data-id=\"2e2a5b04\" data-element_type=\"widget\" data-e-type=\"widget\" data-settings=\"{&quot;_animation&quot;:&quot;fadeInUp&quot;}\" data-widget_type=\"heading.default\">\n\t\t\t\t\t<span class=\"elementor-heading-title elementor-size-default\">#mojekroje<\/span>\t\t\t\t<\/div>\n\t\t\t\t<\/div>\n\t\t<div class=\"elementor-element elementor-element-ca910c4 e-flex e-con-boxed e-con e-parent\" data-id=\"ca910c4\" data-element_type=\"container\" data-e-type=\"container\">\n\t\t\t\t\t<div class=\"e-con-inner\">\n\t\t\t\t\t\t\t\t\t<div data-id=\"2031ef0\" data-interaction-id=\"2031ef0\" data-e-type=\"e-youtube\"  class=\"e-youtube-base\"  data-settings=\"&#x7B;&quot;source&quot;&#x3A;&quot;https&#x3A;&#x5C;&#x2F;&#x5C;&#x2F;www.youtube.com&#x5C;&#x2F;watch&#x3F;v&#x3D;gMatJoe_arM&amp;t&#x3D;852s&quot;,&quot;autoplay&quot;&#x3A;false,&quot;mute&quot;&#x3A;false,&quot;controls&quot;&#x3A;true,&quot;cc_load_policy&quot;&#x3A;false,&quot;loop&quot;&#x3A;false,&quot;rel&quot;&#x3A;true,&quot;start&quot;&#x3A;null,&quot;end&quot;&#x3A;null,&quot;privacy&quot;&#x3A;false,&quot;lazyload&quot;&#x3A;false&#x7D;\"><\/div>\n\t\t\t\t\t<\/div>\n\t\t\t\t<\/div>\n\t\t\t\t<\/div>\n\t\t","protected":false},"excerpt":{"rendered":"<p>Cze\u015b\u0107 jestem Ania &#8211; Projektantka Wykroj\u00f3w Od 5 lat Tworz\u0119 wykroje z my\u015bl\u0105 o realnym szyciu \u2014 takim, kt\u00f3re daje rado\u015b\u0107, satysfakcj\u0119 i poczucie, \u017ce ubranie naprawd\u0119 dobrze le\u017cy. \u0141\u0105cz\u0119 precyzj\u0119 konstrukcji z kobiec\u0105 wra\u017cliwo\u015bci\u0105 na form\u0119, detal i wygod\u0119. Chc\u0119, aby moje wykroje pomaga\u0142y Ci tworzy\u0107 rzeczy pi\u0119kne, przemy\u015blane i bliskie sercu. studio We [&hellip;]<\/p>\n","protected":false},"author":1,"featured_media":726,"parent":0,"menu_order":0,"comment_status":"closed","ping_status":"closed","template":"elementor_header_footer","meta":{"_uag_custom_page_level_css":"","_monsterinsights_skip_tracking":false,"_monsterinsights_sitenote_active":false,"_monsterinsights_sitenote_note":"","_monsterinsights_sitenote_category":0,"footnotes":""},"class_list":["post-715","page","type-page","status-publish","has-post-thumbnail","hentry"],"blocksy_meta":[],"aioseo_notices":[],"uagb_featured_image_src":{"full":["https:\/\/mojekroje.cyfronik.net\/wp-content\/uploads\/2025\/12\/About.jpg",400,380,false],"thumbnail":["https:\/\/mojekroje.cyfronik.net\/wp-content\/uploads\/2025\/12\/About-150x150.jpg",150,150,true],"medium":["https:\/\/mojekroje.cyfronik.net\/wp-content\/uploads\/2025\/12\/About-300x285.jpg",300,285,true],"medium_large":["https:\/\/mojekroje.cyfronik.net\/wp-content\/uploads\/2025\/12\/About.jpg",400,380,false],"large":["https:\/\/mojekroje.cyfronik.net\/wp-content\/uploads\/2025\/12\/About.jpg",400,380,false],"1536x1536":["https:\/\/mojekroje.cyfronik.net\/wp-content\/uploads\/2025\/12\/About.jpg",400,380,false],"2048x2048":["https:\/\/mojekroje.cyfronik.net\/wp-content\/uploads\/2025\/12\/About.jpg",400,380,false],"trp-custom-language-flag":["https:\/\/mojekroje.cyfronik.net\/wp-content\/uploads\/2025\/12\/About.jpg",13,12,false]},"uagb_author_info":{"display_name":"ania","author_link":"https:\/\/mojekroje.cyfronik.net\/?author=1"},"uagb_comment_info":0,"uagb_excerpt":"Cze\u015b\u0107 jestem Ania &#8211; Projektantka Wykroj\u00f3w Od 5 lat Tworz\u0119 wykroje z my\u015bl\u0105 o realnym szyciu \u2014 takim, kt\u00f3re daje rado\u015b\u0107, satysfakcj\u0119 i poczucie, \u017ce ubranie naprawd\u0119 dobrze le\u017cy. \u0141\u0105cz\u0119 precyzj\u0119 konstrukcji z kobiec\u0105 wra\u017cliwo\u015bci\u0105 na form\u0119, detal i wygod\u0119. Chc\u0119, aby moje wykroje pomaga\u0142y Ci tworzy\u0107 rzeczy pi\u0119kne, przemy\u015blane i bliskie sercu. studio We&hellip;","_links":{"self":[{"href":"https:\/\/mojekroje.cyfronik.net\/index.php?rest_route=\/wp\/v2\/pages\/715","targetHints":{"allow":["GET"]}}],"collection":[{"href":"https:\/\/mojekroje.cyfronik.net\/index.php?rest_route=\/wp\/v2\/pages"}],"about":[{"href":"https:\/\/mojekroje.cyfronik.net\/index.php?rest_route=\/wp\/v2\/types\/page"}],"author":[{"embeddable":true,"href":"https:\/\/mojekroje.cyfronik.net\/index.php?rest_route=\/wp\/v2\/users\/1"}],"replies":[{"embeddable":true,"href":"https:\/\/mojekroje.cyfronik.net\/index.php?rest_route=%2Fwp%2Fv2%2Fcomments&post=715"}],"version-history":[{"count":103,"href":"https:\/\/mojekroje.cyfronik.net\/index.php?rest_route=\/wp\/v2\/pages\/715\/revisions"}],"predecessor-version":[{"id":1417,"href":"https:\/\/mojekroje.cyfronik.net\/index.php?rest_route=\/wp\/v2\/pages\/715\/revisions\/1417"}],"wp:featuredmedia":[{"embeddable":true,"href":"https:\/\/mojekroje.cyfronik.net\/index.php?rest_route=\/wp\/v2\/media\/726"}],"wp:attachment":[{"href":"https:\/\/mojekroje.cyfronik.net\/index.php?rest_route=%2Fwp%2Fv2%2Fmedia&parent=715"}],"curies":[{"name":"wp","href":"https:\/\/api.w.org\/{rel}","templated":true}]}}